{"id":2570,"date":"2022-09-29T13:21:30","date_gmt":"2022-09-29T10:21:30","guid":{"rendered":"https:\/\/fflvet.com\/?post_type=product&#038;p=2570"},"modified":"2022-09-29T13:50:26","modified_gmt":"2022-09-29T10:50:26","slug":"brosse-foolee-easee-medium-dog","status":"publish","type":"product","link":"https:\/\/fflvet.com\/ar\/product\/brosse-foolee-easee-medium-dog","title":{"rendered":"Brosse Foolee Easee Medium Dog"},"content":{"rendered":"<p><strong>FoOlee Easee Medium: La seule brosse de deshedding* universelle<\/strong>\u00a0pour le toilettage de votre chien.<br \/>\nD&#8217; une conception unique son peigne en composite brevet\u00e9 \u00e9limine tout risque d&#8217; agression de la peau et du pelage tout en garantissant une efficacit\u00e9 maximale.<br \/>\n<strong>FoOlee Easee Medium<\/strong>\u00a0est une brosse personnalisable capable d \u00e9voluer en un seul geste pour fournir un brossage ajust\u00e9 au type de pelage pr\u00e9cis de chaque animal :<br \/>\n&#8211; Brossage 3 positions avec \u00e9jection des poils morts facilit\u00e9e.<br \/>\n&#8211; S\u2019adapte \u00e0 tous types de pelage : courts, moyens, longs, fris\u00e9s, \u00e9pais, fins&#8230;<br \/>\n&#8211; Brossage intensif<br \/>\n&#8211; Brossage peaux sensibles et pelages fragiles<br \/>\n&#8211; Peignes double-faces et interchangeables<\/p>\n<p>Ce produit contient :<br \/>\n&#8211; Un manche Antistatique syst\u00e8me &#8220;<strong>Click &amp; Brush<\/strong>&#8221;<br \/>\n&#8211; La t\u00eate de brosse compatible taille S et taille M, avec le syst\u00e8me trois positions &#8220;System Easee&#8221;<br \/>\n&#8211; Un peigne (blanc) brossage doux<br \/>\n&#8211; Un second peigne\u00a0<strong>OFFERT !<\/strong>\u00a0interchangeable (noir) brossage plus intense.<\/p>\n<p><em>* Le Deshedding d\u00e9signe l&#8217;action d&#8217;enlever les poils morts des fourrures des animaux et ainsi a\u00e9rer le pelage.<\/em><\/p>","protected":false},"excerpt":{"rendered":"<p>FoOlee Easee Medium: La seule brosse de deshedding* universelle\u00a0pour le toilettage de votre chien. D&#8217; une conception unique son peigne en composite brevet\u00e9 \u00e9limine tout risque d&#8217; agression de la peau et du pelage tout en garantissant une efficacit\u00e9 maximale. FoOlee Easee Medium\u00a0est une brosse personnalisable capable d \u00e9voluer en un seul geste pour fournir [&hellip;]<\/p>\n","protected":false},"featured_media":2572,"comment_status":"open","ping_status":"closed","template":"","meta":{"ocean_post_layout":"","ocean_both_sidebars_style":"","ocean_both_sidebars_content_width":0,"ocean_both_sidebars_sidebars_width":0,"ocean_sidebar":"0","ocean_second_sidebar":"0","ocean_disable_margins":"enable","ocean_add_body_class":"","ocean_shortcode_before_top_bar":"","ocean_shortcode_after_top_bar":"","ocean_shortcode_before_header":"","ocean_shortcode_after_header":"","ocean_has_shortcode":"","ocean_shortcode_after_title":"","ocean_shortcode_before_footer_widgets":"","ocean_shortcode_after_footer_widgets":"","ocean_shortcode_before_footer_bottom":"","ocean_shortcode_after_footer_bottom":"","ocean_display_top_bar":"default","ocean_display_header":"default","ocean_header_style":"","ocean_center_header_left_menu":"0","ocean_custom_header_template":"0","ocean_custom_logo":0,"ocean_custom_retina_logo":0,"ocean_custom_logo_max_width":0,"ocean_custom_logo_tablet_max_width":0,"ocean_custom_logo_mobile_max_width":0,"ocean_custom_logo_max_height":0,"ocean_custom_logo_tablet_max_height":0,"ocean_custom_logo_mobile_max_height":0,"ocean_header_custom_menu":"0","ocean_menu_typo_font_family":"0","ocean_menu_typo_font_subset":"","ocean_menu_typo_font_size":0,"ocean_menu_typo_font_size_tablet":0,"ocean_menu_typo_font_size_mobile":0,"ocean_menu_typo_font_size_unit":"px","ocean_menu_typo_font_weight":"","ocean_menu_typo_font_weight_tablet":"","ocean_menu_typo_font_weight_mobile":"","ocean_menu_typo_transform":"","ocean_menu_typo_transform_tablet":"","ocean_menu_typo_transform_mobile":"","ocean_menu_typo_line_height":0,"ocean_menu_typo_line_height_tablet":0,"ocean_menu_typo_line_height_mobile":0,"ocean_menu_typo_line_height_unit":"","ocean_menu_typo_spacing":0,"ocean_menu_typo_spacing_tablet":0,"ocean_menu_typo_spacing_mobile":0,"ocean_menu_typo_spacing_unit":"","ocean_menu_link_color":"","ocean_menu_link_color_hover":"","ocean_menu_link_color_active":"","ocean_menu_link_background":"","ocean_menu_link_hover_background":"","ocean_menu_link_active_background":"","ocean_menu_social_links_bg":"","ocean_menu_social_hover_links_bg":"","ocean_menu_social_links_color":"","ocean_menu_social_hover_links_color":"","ocean_disable_title":"default","ocean_disable_heading":"default","ocean_post_title":"","ocean_post_subheading":"","ocean_post_title_style":"","ocean_post_title_background_color":"","ocean_post_title_background":0,"ocean_post_title_bg_image_position":"","ocean_post_title_bg_image_attachment":"","ocean_post_title_bg_image_repeat":"","ocean_post_title_bg_image_size":"","ocean_post_title_height":0,"ocean_post_title_bg_overlay":0.5,"ocean_post_title_bg_overlay_color":"","ocean_disable_breadcrumbs":"default","ocean_breadcrumbs_color":"","ocean_breadcrumbs_separator_color":"","ocean_breadcrumbs_links_color":"","ocean_breadcrumbs_links_hover_color":"","ocean_display_footer_widgets":"default","ocean_display_footer_bottom":"default","ocean_custom_footer_template":"0"},"product_brand":[],"product_cat":[15,38],"product_tag":[],"class_list":{"0":"post-2570","1":"product","2":"type-product","3":"status-publish","4":"has-post-thumbnail","6":"product_cat-accessories","7":"product_cat-pet-care","9":"entry","10":"has-media","12":"first","13":"instock","14":"shipping-taxable","15":"purchasable","16":"product-type-simple","17":"has-product-nav","18":"col","19":"span_1_of_3","20":"owp-content-center","21":"owp-thumbs-layout-horizontal","22":"owp-btn-very-big","23":"owp-tabs-layout-horizontal","25":"circle-sale"},"yoast_head":"<!-- This site is optimized with the Yoast SEO plugin v27.3 - https:\/\/yoast.com\/product\/yoast-seo-wordpress\/ -->\n<title>Brosse Foolee Easee Medium Dog - Friends For Life<\/title>\n<meta name=\"robots\" content=\"index, follow, max-snippet:-1, max-image-preview:large, max-video-preview:-1\" \/>\n<link rel=\"canonical\" href=\"https:\/\/fflvet.com\/ar\/product\/brosse-foolee-easee-medium-dog\/\" \/>\n<meta property=\"og:locale\" content=\"ar_AR\" \/>\n<meta property=\"og:type\" content=\"article\" \/>\n<meta property=\"og:title\" content=\"Brosse Foolee Easee Medium Dog - Friends For Life\" \/>\n<meta property=\"og:description\" content=\"FoOlee Easee Medium: La seule brosse de deshedding* universelle\u00a0pour le toilettage de votre chien. D&#8217; une conception unique son peigne en composite brevet\u00e9 \u00e9limine tout risque d&#8217; agression de la peau et du pelage tout en garantissant une efficacit\u00e9 maximale. FoOlee Easee Medium\u00a0est une brosse personnalisable capable d \u00e9voluer en un seul geste pour fournir [&hellip;]\" \/>\n<meta property=\"og:url\" content=\"https:\/\/fflvet.com\/ar\/product\/brosse-foolee-easee-medium-dog\/\" \/>\n<meta property=\"og:site_name\" content=\"Friends For Life\" \/>\n<meta property=\"article:publisher\" content=\"https:\/\/www.facebook.com\/friendsforlife269\" \/>\n<meta property=\"article:modified_time\" content=\"2022-09-29T10:50:26+00:00\" \/>\n<meta property=\"og:image\" content=\"https:\/\/fflvet.com\/wp-content\/uploads\/2022\/09\/brosses-foolee-easee-medium-2.jpg\" \/>\n\t<meta property=\"og:image:width\" content=\"800\" \/>\n\t<meta property=\"og:image:height\" content=\"800\" \/>\n\t<meta property=\"og:image:type\" content=\"image\/jpeg\" \/>\n<meta name=\"twitter:card\" content=\"summary_large_image\" \/>\n<meta name=\"twitter:label1\" content=\"\u0648\u0642\u062a \u0627\u0644\u0642\u0631\u0627\u0621\u0629 \u0627\u0644\u0645\u064f\u0642\u062f\u0651\u0631\" \/>\n\t<meta name=\"twitter:data1\" content=\"\u062f\u0642\u064a\u0642\u0629 \u0648\u0627\u062d\u062f\u0629\" \/>\n<script type=\"application\/ld+json\" class=\"yoast-schema-graph\">{\"@context\":\"https:\\\/\\\/schema.org\",\"@graph\":[{\"@type\":\"WebPage\",\"@id\":\"https:\\\/\\\/fflvet.com\\\/product\\\/brosse-foolee-easee-medium-dog\",\"url\":\"https:\\\/\\\/fflvet.com\\\/product\\\/brosse-foolee-easee-medium-dog\",\"name\":\"Brosse Foolee Easee Medium Dog - Friends For Life\",\"isPartOf\":{\"@id\":\"https:\\\/\\\/fflvet.com\\\/#website\"},\"primaryImageOfPage\":{\"@id\":\"https:\\\/\\\/fflvet.com\\\/product\\\/brosse-foolee-easee-medium-dog#primaryimage\"},\"image\":{\"@id\":\"https:\\\/\\\/fflvet.com\\\/product\\\/brosse-foolee-easee-medium-dog#primaryimage\"},\"thumbnailUrl\":\"https:\\\/\\\/fflvet.com\\\/wp-content\\\/uploads\\\/2022\\\/09\\\/brosses-foolee-easee-medium-2.jpg\",\"datePublished\":\"2022-09-29T10:21:30+00:00\",\"dateModified\":\"2022-09-29T10:50:26+00:00\",\"breadcrumb\":{\"@id\":\"https:\\\/\\\/fflvet.com\\\/product\\\/brosse-foolee-easee-medium-dog#breadcrumb\"},\"inLanguage\":\"ar\",\"potentialAction\":[{\"@type\":\"ReadAction\",\"target\":[\"https:\\\/\\\/fflvet.com\\\/product\\\/brosse-foolee-easee-medium-dog\"]}]},{\"@type\":\"ImageObject\",\"inLanguage\":\"ar\",\"@id\":\"https:\\\/\\\/fflvet.com\\\/product\\\/brosse-foolee-easee-medium-dog#primaryimage\",\"url\":\"https:\\\/\\\/fflvet.com\\\/wp-content\\\/uploads\\\/2022\\\/09\\\/brosses-foolee-easee-medium-2.jpg\",\"contentUrl\":\"https:\\\/\\\/fflvet.com\\\/wp-content\\\/uploads\\\/2022\\\/09\\\/brosses-foolee-easee-medium-2.jpg\",\"width\":800,\"height\":800},{\"@type\":\"BreadcrumbList\",\"@id\":\"https:\\\/\\\/fflvet.com\\\/product\\\/brosse-foolee-easee-medium-dog#breadcrumb\",\"itemListElement\":[{\"@type\":\"ListItem\",\"position\":1,\"name\":\"Home\",\"item\":\"https:\\\/\\\/fflvet.com\\\/\"},{\"@type\":\"ListItem\",\"position\":2,\"name\":\"Shop23722\",\"item\":\"https:\\\/\\\/fflvet.com\\\/shop23722\"},{\"@type\":\"ListItem\",\"position\":3,\"name\":\"Brosse Foolee Easee Medium Dog\"}]},{\"@type\":\"WebSite\",\"@id\":\"https:\\\/\\\/fflvet.com\\\/#website\",\"url\":\"https:\\\/\\\/fflvet.com\\\/\",\"name\":\"Friends For Life\",\"description\":\"your pet matters\",\"publisher\":{\"@id\":\"https:\\\/\\\/fflvet.com\\\/#organization\"},\"potentialAction\":[{\"@type\":\"SearchAction\",\"target\":{\"@type\":\"EntryPoint\",\"urlTemplate\":\"https:\\\/\\\/fflvet.com\\\/?s={search_term_string}\"},\"query-input\":{\"@type\":\"PropertyValueSpecification\",\"valueRequired\":true,\"valueName\":\"search_term_string\"}}],\"inLanguage\":\"ar\"},{\"@type\":\"Organization\",\"@id\":\"https:\\\/\\\/fflvet.com\\\/#organization\",\"name\":\"Friends For Life Vet.Ctr\",\"url\":\"https:\\\/\\\/fflvet.com\\\/\",\"logo\":{\"@type\":\"ImageObject\",\"inLanguage\":\"ar\",\"@id\":\"https:\\\/\\\/fflvet.com\\\/#\\\/schema\\\/logo\\\/image\\\/\",\"url\":\"https:\\\/\\\/i0.wp.com\\\/fflvet.com\\\/wp-content\\\/uploads\\\/2022\\\/02\\\/logo2new-with-BK-Copy.png?fit=1513%2C1861&ssl=1\",\"contentUrl\":\"https:\\\/\\\/i0.wp.com\\\/fflvet.com\\\/wp-content\\\/uploads\\\/2022\\\/02\\\/logo2new-with-BK-Copy.png?fit=1513%2C1861&ssl=1\",\"width\":1513,\"height\":1861,\"caption\":\"Friends For Life Vet.Ctr\"},\"image\":{\"@id\":\"https:\\\/\\\/fflvet.com\\\/#\\\/schema\\\/logo\\\/image\\\/\"},\"sameAs\":[\"https:\\\/\\\/www.facebook.com\\\/friendsforlife269\",\"https:\\\/\\\/instagram.com\\\/friendsforlifevet.ctr?igshid=YmMyMTA2M2Y\"]}]}<\/script>\n<!-- \/ Yoast SEO plugin. -->","yoast_head_json":{"title":"Brosse Foolee Easee Medium Dog - Friends For Life","robots":{"index":"index","follow":"follow","max-snippet":"max-snippet:-1","max-image-preview":"max-image-preview:large","max-video-preview":"max-video-preview:-1"},"canonical":"https:\/\/fflvet.com\/ar\/product\/brosse-foolee-easee-medium-dog\/","og_locale":"ar_AR","og_type":"article","og_title":"Brosse Foolee Easee Medium Dog - Friends For Life","og_description":"FoOlee Easee Medium: La seule brosse de deshedding* universelle\u00a0pour le toilettage de votre chien. D&#8217; une conception unique son peigne en composite brevet\u00e9 \u00e9limine tout risque d&#8217; agression de la peau et du pelage tout en garantissant une efficacit\u00e9 maximale. FoOlee Easee Medium\u00a0est une brosse personnalisable capable d \u00e9voluer en un seul geste pour fournir [&hellip;]","og_url":"https:\/\/fflvet.com\/ar\/product\/brosse-foolee-easee-medium-dog\/","og_site_name":"Friends For Life","article_publisher":"https:\/\/www.facebook.com\/friendsforlife269","article_modified_time":"2022-09-29T10:50:26+00:00","og_image":[{"width":800,"height":800,"url":"https:\/\/fflvet.com\/wp-content\/uploads\/2022\/09\/brosses-foolee-easee-medium-2.jpg","type":"image\/jpeg"}],"twitter_card":"summary_large_image","twitter_misc":{"\u0648\u0642\u062a \u0627\u0644\u0642\u0631\u0627\u0621\u0629 \u0627\u0644\u0645\u064f\u0642\u062f\u0651\u0631":"\u062f\u0642\u064a\u0642\u0629 \u0648\u0627\u062d\u062f\u0629"},"schema":{"@context":"https:\/\/schema.org","@graph":[{"@type":"WebPage","@id":"https:\/\/fflvet.com\/product\/brosse-foolee-easee-medium-dog","url":"https:\/\/fflvet.com\/product\/brosse-foolee-easee-medium-dog","name":"Brosse Foolee Easee Medium Dog - Friends For Life","isPartOf":{"@id":"https:\/\/fflvet.com\/#website"},"primaryImageOfPage":{"@id":"https:\/\/fflvet.com\/product\/brosse-foolee-easee-medium-dog#primaryimage"},"image":{"@id":"https:\/\/fflvet.com\/product\/brosse-foolee-easee-medium-dog#primaryimage"},"thumbnailUrl":"https:\/\/fflvet.com\/wp-content\/uploads\/2022\/09\/brosses-foolee-easee-medium-2.jpg","datePublished":"2022-09-29T10:21:30+00:00","dateModified":"2022-09-29T10:50:26+00:00","breadcrumb":{"@id":"https:\/\/fflvet.com\/product\/brosse-foolee-easee-medium-dog#breadcrumb"},"inLanguage":"ar","potentialAction":[{"@type":"ReadAction","target":["https:\/\/fflvet.com\/product\/brosse-foolee-easee-medium-dog"]}]},{"@type":"ImageObject","inLanguage":"ar","@id":"https:\/\/fflvet.com\/product\/brosse-foolee-easee-medium-dog#primaryimage","url":"https:\/\/fflvet.com\/wp-content\/uploads\/2022\/09\/brosses-foolee-easee-medium-2.jpg","contentUrl":"https:\/\/fflvet.com\/wp-content\/uploads\/2022\/09\/brosses-foolee-easee-medium-2.jpg","width":800,"height":800},{"@type":"BreadcrumbList","@id":"https:\/\/fflvet.com\/product\/brosse-foolee-easee-medium-dog#breadcrumb","itemListElement":[{"@type":"ListItem","position":1,"name":"Home","item":"https:\/\/fflvet.com\/"},{"@type":"ListItem","position":2,"name":"Shop23722","item":"https:\/\/fflvet.com\/shop23722"},{"@type":"ListItem","position":3,"name":"Brosse Foolee Easee Medium Dog"}]},{"@type":"WebSite","@id":"https:\/\/fflvet.com\/#website","url":"https:\/\/fflvet.com\/","name":"Friends For Life","description":"your pet matters","publisher":{"@id":"https:\/\/fflvet.com\/#organization"},"potentialAction":[{"@type":"SearchAction","target":{"@type":"EntryPoint","urlTemplate":"https:\/\/fflvet.com\/?s={search_term_string}"},"query-input":{"@type":"PropertyValueSpecification","valueRequired":true,"valueName":"search_term_string"}}],"inLanguage":"ar"},{"@type":"Organization","@id":"https:\/\/fflvet.com\/#organization","name":"Friends For Life Vet.Ctr","url":"https:\/\/fflvet.com\/","logo":{"@type":"ImageObject","inLanguage":"ar","@id":"https:\/\/fflvet.com\/#\/schema\/logo\/image\/","url":"https:\/\/i0.wp.com\/fflvet.com\/wp-content\/uploads\/2022\/02\/logo2new-with-BK-Copy.png?fit=1513%2C1861&ssl=1","contentUrl":"https:\/\/i0.wp.com\/fflvet.com\/wp-content\/uploads\/2022\/02\/logo2new-with-BK-Copy.png?fit=1513%2C1861&ssl=1","width":1513,"height":1861,"caption":"Friends For Life Vet.Ctr"},"image":{"@id":"https:\/\/fflvet.com\/#\/schema\/logo\/image\/"},"sameAs":["https:\/\/www.facebook.com\/friendsforlife269","https:\/\/instagram.com\/friendsforlifevet.ctr?igshid=YmMyMTA2M2Y"]}]}},"jetpack-related-posts":[{"id":2573,"url":"https:\/\/fflvet.com\/ar\/product\/brosse-foolee-easee-large-dog","url_meta":{"origin":2570,"position":0},"title":"Brosse Foolee Easee Large Dog","author":"montaser92","date":"29\/09\/2022","format":false,"excerpt":"FoOlee Easee Large: La seule brosse de deshedding* universelle\u00a0pour le toilettage de votre grand chien. D' une conception unique son peigne en composite brevet\u00e9 \u00e9limine tout risque d' agression de la peau et du pelage tout en garantissant une efficacit\u00e9 maximale. FoOlee Easee Large\u00a0est une brosse personnalisable capable d \u00e9voluer\u2026","rel":"","context":"\u062a\u062f\u0648\u064a\u0646\u0629 \u0645\u0634\u0627\u0628\u0647\u0629","block_context":{"text":"\u062a\u062f\u0648\u064a\u0646\u0629 \u0645\u0634\u0627\u0628\u0647\u0629","link":""},"img":{"alt_text":"","src":"https:\/\/i0.wp.com\/fflvet.com\/wp-content\/uploads\/2022\/09\/brosse-foolee-easee-large.jpg?resize=350%2C200&ssl=1","width":350,"height":200,"srcset":"https:\/\/i0.wp.com\/fflvet.com\/wp-content\/uploads\/2022\/09\/brosse-foolee-easee-large.jpg?resize=350%2C200&ssl=1 1x, https:\/\/i0.wp.com\/fflvet.com\/wp-content\/uploads\/2022\/09\/brosse-foolee-easee-large.jpg?resize=525%2C300&ssl=1 1.5x, https:\/\/i0.wp.com\/fflvet.com\/wp-content\/uploads\/2022\/09\/brosse-foolee-easee-large.jpg?resize=700%2C400&ssl=1 2x"},"classes":[]},{"id":2566,"url":"https:\/\/fflvet.com\/ar\/product\/foolee-easee-small-cat-brush","url_meta":{"origin":2570,"position":1},"title":"Foolee Easee Small Cat Brush","author":"montaser92","date":"29\/09\/2022","format":false,"excerpt":"FoOlee Easee Cat: The only universal deshedding brush* for grooming your cat. With a unique design, its patented composite comb eliminates any risk of aggression to the skin and coat while guaranteeing maximum efficiency. FoOlee Easee Cat is a customizable brush capable of evolving in a single gesture to provide\u2026","rel":"","context":"\u062a\u062f\u0648\u064a\u0646\u0629 \u0645\u0634\u0627\u0628\u0647\u0629","block_context":{"text":"\u062a\u062f\u0648\u064a\u0646\u0629 \u0645\u0634\u0627\u0628\u0647\u0629","link":""},"img":{"alt_text":"","src":"https:\/\/i0.wp.com\/fflvet.com\/wp-content\/uploads\/2022\/09\/brosse-foolee-easee-cat-2.jpg?resize=350%2C200&ssl=1","width":350,"height":200,"srcset":"https:\/\/i0.wp.com\/fflvet.com\/wp-content\/uploads\/2022\/09\/brosse-foolee-easee-cat-2.jpg?resize=350%2C200&ssl=1 1x, https:\/\/i0.wp.com\/fflvet.com\/wp-content\/uploads\/2022\/09\/brosse-foolee-easee-cat-2.jpg?resize=525%2C300&ssl=1 1.5x, https:\/\/i0.wp.com\/fflvet.com\/wp-content\/uploads\/2022\/09\/brosse-foolee-easee-cat-2.jpg?resize=700%2C400&ssl=1 2x"},"classes":[]},{"id":2611,"url":"https:\/\/fflvet.com\/ar\/product\/kong-aquapro-dog-life-vest","url_meta":{"origin":2570,"position":2},"title":"Kong AquaPro Dog Life Vest","author":"montaser92","date":"29\/09\/2022","format":false,"excerpt":"XSmall: Girth 16-20\", Neck 11-14\", for dogs 5-8 kg","rel":"","context":"\u062a\u062f\u0648\u064a\u0646\u0629 \u0645\u0634\u0627\u0628\u0647\u0629","block_context":{"text":"\u062a\u062f\u0648\u064a\u0646\u0629 \u0645\u0634\u0627\u0628\u0647\u0629","link":""},"img":{"alt_text":"","src":"https:\/\/i0.wp.com\/fflvet.com\/wp-content\/uploads\/2022\/09\/TP06149_01.jpg?resize=350%2C200&ssl=1","width":350,"height":200,"srcset":"https:\/\/i0.wp.com\/fflvet.com\/wp-content\/uploads\/2022\/09\/TP06149_01.jpg?resize=350%2C200&ssl=1 1x, https:\/\/i0.wp.com\/fflvet.com\/wp-content\/uploads\/2022\/09\/TP06149_01.jpg?resize=525%2C300&ssl=1 1.5x, https:\/\/i0.wp.com\/fflvet.com\/wp-content\/uploads\/2022\/09\/TP06149_01.jpg?resize=700%2C400&ssl=1 2x"},"classes":[]},{"id":3311,"url":"https:\/\/fflvet.com\/ar\/product\/club-4-paws-premium-for-adult-cats-sterilised-2k","url_meta":{"origin":2570,"position":3},"title":"Club 4 Paws Premium For Adult Cats Sterilised 2K","author":"montaser92","date":"27\/04\/2023","format":false,"excerpt":"300g\/2K\/14k","rel":"","context":"\u062a\u062f\u0648\u064a\u0646\u0629 \u0645\u0634\u0627\u0628\u0647\u0629","block_context":{"text":"\u062a\u062f\u0648\u064a\u0646\u0629 \u0645\u0634\u0627\u0628\u0647\u0629","link":""},"img":{"alt_text":"","src":"https:\/\/i0.wp.com\/fflvet.com\/wp-content\/uploads\/2023\/04\/1c4bd551d5d7d673f8f4db9abc98bb8d568d48ca.jpeg?resize=350%2C200&ssl=1","width":350,"height":200},"classes":[]}],"jetpack_sharing_enabled":true,"publishpress_future_workflow_manual_trigger":{"enabledWorkflows":[]},"_links":{"self":[{"href":"https:\/\/fflvet.com\/ar\/wp-json\/wp\/v2\/product\/2570","targetHints":{"allow":["GET"]}}],"collection":[{"href":"https:\/\/fflvet.com\/ar\/wp-json\/wp\/v2\/product"}],"about":[{"href":"https:\/\/fflvet.com\/ar\/wp-json\/wp\/v2\/types\/product"}],"replies":[{"embeddable":true,"href":"https:\/\/fflvet.com\/ar\/wp-json\/wp\/v2\/comments?post=2570"}],"version-history":[{"count":0,"href":"https:\/\/fflvet.com\/ar\/wp-json\/wp\/v2\/product\/2570\/revisions"}],"wp:featuredmedia":[{"embeddable":true,"href":"https:\/\/fflvet.com\/ar\/wp-json\/wp\/v2\/media\/2572"}],"wp:attachment":[{"href":"https:\/\/fflvet.com\/ar\/wp-json\/wp\/v2\/media?parent=2570"}],"wp:term":[{"taxonomy":"product_brand","embeddable":true,"href":"https:\/\/fflvet.com\/ar\/wp-json\/wp\/v2\/product_brand?post=2570"},{"taxonomy":"product_cat","embeddable":true,"href":"https:\/\/fflvet.com\/ar\/wp-json\/wp\/v2\/product_cat?post=2570"},{"taxonomy":"product_tag","embeddable":true,"href":"https:\/\/fflvet.com\/ar\/wp-json\/wp\/v2\/product_tag?post=2570"}],"curies":[{"name":"wp","href":"https:\/\/api.w.org\/{rel}","templated":true}]}}